{"id":12,"date":"2014-04-13T18:28:29","date_gmt":"2014-04-13T18:28:29","guid":{"rendered":"http:\/\/www.chemilab.com.co\/?page_id=8"},"modified":"2024-07-25T15:16:59","modified_gmt":"2024-07-25T20:16:59","slug":"quienes-somos","status":"publish","type":"page","link":"https:\/\/www.chemilab.com.co\/website\/quienes-somos\/","title":{"rendered":"Quienes somos"},"content":{"rendered":"<div class=\"col-md-12 col-lg-12\">\n<h2>Alcance<\/h2>\n<\/div>\n<div class=\"col-md-12 col-lg-12\">\n<p>ChemiLab S.A.S., es una organizaci\u00f3n dedicada a prestar servicios de toma de muestras y an\u00e1lisis en las matrices aguas, suelos, sedimentos, residuos peligrosos, biota, aceites de transformador, calidad del aire, fuentes fijas, hidrocarburos y aguas de consumo humano.<\/p>\n<div class=\"entry-content-asset\"><iframe loading=\"lazy\" title=\"Presentaci\u00f3n Chemilab\" width=\"1140\" height=\"641\" src=\"https:\/\/www.youtube.com\/embed\/TduPtHrXoh0?feature=oembed\" frameborder=\"0\" allow=\"accelerometer; autoplay; clipboard-write; encrypted-media; gyroscope; picture-in-picture; web-share\" referrerpolicy=\"strict-origin-when-cross-origin\" allowfullscreen><\/iframe><\/div>\n<\/div>\n<div class=\"col-md-12 col-lg-12\">\n<h2>Misi\u00f3n<\/h2>\n<\/div>\n<div class=\"col-md-12 col-lg-12\">\n<p>Ofrecer servicios de an\u00e1lisis ambientales que provean resultados anal\u00edticos con los m\u00e1s altos est\u00e1ndares de calidad, con el prop\u00f3sito de contribuir en la toma adecuada de decisiones para la protecci\u00f3n y conservaci\u00f3n del medio ambiente, as\u00ed como en el mejoramiento del desempe\u00f1o y capacidad de gesti\u00f3n de los clientes.<\/p>\n<\/div>\n<div class=\"col-md-12 col-lg-12\">\n<h2>Visi\u00f3n<\/h2>\n<\/div>\n<div class=\"col-md-7 col-lg-7\">\n<p>Para el a\u00f1o 2022 ChemiLab S.A.S se mantendr\u00e1 como uno de los laboratorios ambientales acreditados m\u00e1s prestigiosos del pa\u00eds ampliando su portafolio de servicios en los campos de an\u00e1lisis fisicoqu\u00edmicos, cromatogr\u00e1ficos, hidrobiol\u00f3gicos, microbiol\u00f3gicos de todo tipo de aguas, suelos, sedimentos, residuos peligrosos y aceites de transformador. Brindando beneficios a sus clientes, empleados y accionistas mediante valores corporativos estrat\u00e9gicos de confiabilidad, compromiso, calidad, liderazgo, integridad y respeto.<\/p>\n<\/div>\n<div class=\"col-md-5 col-lg-5\"><img decoding=\"async\" src=\"https:\/\/www.chemilab.com.co\/website\/wp-content\/uploads\/2014\/04\/Chemical-1.jpg\" class=\"img-responsive\" \/><\/div>\n<div class=\"col-md-12 col-lg-12\">\n<h2>COMPROMISO CON LA CALIDAD<\/h2>\n<p>Siendo leales a nuestros principios de Objetividad, Imparcialidad, Transparencia y Responsabilidad regimos nuestro trabajo mediante la aplicaci\u00f3n de la Norma NTC-ISO\/IEC 17025 la cual nos permite mantener un alto nivel t\u00e9cnico que garantiza la satisfacci\u00f3n en nuestro servicio.<\/p>\n    <section id=\"gird-gallery\" data-offset=\"10\" data-width=\"160\" class=\"gird-gallerygird-gallery-fluid\" style=\"width:100%;height:auto;\">\n    <a class=\"gg-link\" href=\"https:\/\/www.chemilab.com.co\/website\/wp-content\/uploads\/2014\/07\/Administrativo-.jpg\" title=\"Administrativo\">\n        <figure class=\"gird-gallery-caption\" data-gird-gallery-type=\"quarter-appear\" style=\"border:0pxnone#fefefe;\n        border-radius:0px;\n        box-shadow:0px0px0px#aaaaaa;\n        margin:10px !important;\">\n            <div class=\"crop\" style=\"\">\n            <img decoding=\"async\"\n                    src=\"https:\/\/www.chemilab.com.co\/website\/wp-content\/uploads\/2014\/07\/Administrativo--160x120.jpg\"\n                    alt=\"Administrativo\"            \/>\n            <\/div>\n            <figcaption data-alpha=\"9\"\n                    style=\"color:#ecf0f1;background-color:#3498db;font-size:12px;\">\n                <div class=\"gird-gallery-figcaption-wrap\">\n                    <span>Administrativo<\/span>\n                <\/div>\n            <\/figcaption>\n        <\/figure>\n        <div class=\"gird-gallery-clearfix\"><\/div>\n    <\/a>\n    <a class=\"gg-link\" href=\"https:\/\/www.chemilab.com.co\/website\/wp-content\/uploads\/2014\/07\/Absorcion-atomica.jpg\" title=\"Absorcion atomica\">\n        <figure class=\"gird-gallery-caption\" data-gird-gallery-type=\"quarter-appear\" style=\"border:0pxnone#fefefe;\n        border-radius:0px;\n        box-shadow:0px0px0px#aaaaaa;\n        margin:10px !important;\">\n            <div class=\"crop\" style=\"\">\n            <img decoding=\"async\"\n                    src=\"https:\/\/www.chemilab.com.co\/website\/wp-content\/uploads\/2014\/07\/Absorcion-atomica-160x120.jpg\"\n                    alt=\"Absorcion atomica\"            \/>\n            <\/div>\n            <figcaption data-alpha=\"9\"\n                    style=\"color:#ecf0f1;background-color:#3498db;font-size:12px;\">\n                <div class=\"gird-gallery-figcaption-wrap\">\n                    <span>Absorcion atomica<\/span>\n                <\/div>\n            <\/figcaption>\n        <\/figure>\n        <div class=\"gird-gallery-clearfix\"><\/div>\n    <\/a>\n    <a class=\"gg-link\" href=\"https:\/\/www.chemilab.com.co\/website\/wp-content\/uploads\/2014\/07\/Analistas.jpg\" title=\"Analistas\">\n        <figure class=\"gird-gallery-caption\" data-gird-gallery-type=\"quarter-appear\" style=\"border:0pxnone#fefefe;\n        border-radius:0px;\n        box-shadow:0px0px0px#aaaaaa;\n        margin:10px !important;\">\n            <div class=\"crop\" style=\"\">\n            <img decoding=\"async\"\n                    src=\"https:\/\/www.chemilab.com.co\/website\/wp-content\/uploads\/2014\/07\/Analistas-160x120.jpg\"\n                    alt=\"Analistas\"            \/>\n            <\/div>\n            <figcaption data-alpha=\"9\"\n                    style=\"color:#ecf0f1;background-color:#3498db;font-size:12px;\">\n                <div class=\"gird-gallery-figcaption-wrap\">\n                    <span>Analistas<\/span>\n                <\/div>\n            <\/figcaption>\n        <\/figure>\n        <div class=\"gird-gallery-clearfix\"><\/div>\n    <\/a>\n    <a class=\"gg-link\" href=\"https:\/\/www.chemilab.com.co\/website\/wp-content\/uploads\/2014\/07\/Aguas.jpg\" title=\"Aguas\">\n        <figure class=\"gird-gallery-caption\" data-gird-gallery-type=\"quarter-appear\" style=\"border:0pxnone#fefefe;\n        border-radius:0px;\n        box-shadow:0px0px0px#aaaaaa;\n        margin:10px !important;\">\n            <div class=\"crop\" style=\"\">\n            <img decoding=\"async\"\n                    src=\"https:\/\/www.chemilab.com.co\/website\/wp-content\/uploads\/2014\/07\/Aguas-160x120.jpg\"\n                    alt=\"Aguas\"            \/>\n            <\/div>\n            <figcaption data-alpha=\"9\"\n                    style=\"color:#ecf0f1;background-color:#3498db;font-size:12px;\">\n                <div class=\"gird-gallery-figcaption-wrap\">\n                    <span>Aguas<\/span>\n                <\/div>\n            <\/figcaption>\n        <\/figure>\n        <div class=\"gird-gallery-clearfix\"><\/div>\n    <\/a>\n    <a class=\"gg-link\" href=\"https:\/\/www.chemilab.com.co\/website\/wp-content\/uploads\/2014\/07\/Aguas-2.jpg\" title=\"Aguas 2\">\n        <figure class=\"gird-gallery-caption\" data-gird-gallery-type=\"quarter-appear\" style=\"border:0pxnone#fefefe;\n        border-radius:0px;\n        box-shadow:0px0px0px#aaaaaa;\n        margin:10px !important;\">\n            <div class=\"crop\" style=\"\">\n            <img decoding=\"async\"\n                    src=\"https:\/\/www.chemilab.com.co\/website\/wp-content\/uploads\/2014\/07\/Aguas-2-160x120.jpg\"\n                    alt=\"Aguas 2\"            \/>\n            <\/div>\n            <figcaption data-alpha=\"9\"\n                    style=\"color:#ecf0f1;background-color:#3498db;font-size:12px;\">\n                <div class=\"gird-gallery-figcaption-wrap\">\n                    <span>Aguas 2<\/span>\n                <\/div>\n            <\/figcaption>\n        <\/figure>\n        <div class=\"gird-gallery-clearfix\"><\/div>\n    <\/a>\n    <a class=\"gg-link\" href=\"https:\/\/www.chemilab.com.co\/website\/wp-content\/uploads\/2014\/07\/Cromatografia.jpg\" title=\"Cromatografia\">\n        <figure class=\"gird-gallery-caption\" data-gird-gallery-type=\"quarter-appear\" style=\"border:0pxnone#fefefe;\n        border-radius:0px;\n        box-shadow:0px0px0px#aaaaaa;\n        margin:10px !important;\">\n            <div class=\"crop\" style=\"\">\n            <img decoding=\"async\"\n                    src=\"https:\/\/www.chemilab.com.co\/website\/wp-content\/uploads\/2014\/07\/Cromatografia-160x120.jpg\"\n                    alt=\"Cromatografia\"            \/>\n            <\/div>\n            <figcaption data-alpha=\"9\"\n                    style=\"color:#ecf0f1;background-color:#3498db;font-size:12px;\">\n                <div class=\"gird-gallery-figcaption-wrap\">\n                    <span>Cromatografia<\/span>\n                <\/div>\n            <\/figcaption>\n        <\/figure>\n        <div class=\"gird-gallery-clearfix\"><\/div>\n    <\/a>\n    <a class=\"gg-link\" href=\"https:\/\/www.chemilab.com.co\/website\/wp-content\/uploads\/2014\/07\/Microbiologia-2.jpg\" title=\"Microbiologia 2\">\n        <figure class=\"gird-gallery-caption\" data-gird-gallery-type=\"quarter-appear\" style=\"border:0pxnone#fefefe;\n        border-radius:0px;\n        box-shadow:0px0px0px#aaaaaa;\n        margin:10px !important;\">\n            <div class=\"crop\" style=\"\">\n            <img decoding=\"async\"\n                    src=\"https:\/\/www.chemilab.com.co\/website\/wp-content\/uploads\/2014\/07\/Microbiologia-2-160x120.jpg\"\n                    alt=\"Microbiologia 2\"            \/>\n            <\/div>\n            <figcaption data-alpha=\"9\"\n                    style=\"color:#ecf0f1;background-color:#3498db;font-size:12px;\">\n                <div class=\"gird-gallery-figcaption-wrap\">\n                    <span>Microbiologia 2<\/span>\n                <\/div>\n            <\/figcaption>\n        <\/figure>\n        <div class=\"gird-gallery-clearfix\"><\/div>\n    <\/a>\n    <a class=\"gg-link\" href=\"https:\/\/www.chemilab.com.co\/website\/wp-content\/uploads\/2014\/07\/Suelos-2.jpg\" title=\"Suelos 2\">\n        <figure class=\"gird-gallery-caption\" data-gird-gallery-type=\"quarter-appear\" style=\"border:0pxnone#fefefe;\n        border-radius:0px;\n        box-shadow:0px0px0px#aaaaaa;\n        margin:10px !important;\">\n            <div class=\"crop\" style=\"\">\n            <img decoding=\"async\"\n                    src=\"https:\/\/www.chemilab.com.co\/website\/wp-content\/uploads\/2014\/07\/Suelos-2-160x120.jpg\"\n                    alt=\"Suelos 2\"            \/>\n            <\/div>\n            <figcaption data-alpha=\"9\"\n                    style=\"color:#ecf0f1;background-color:#3498db;font-size:12px;\">\n                <div class=\"gird-gallery-figcaption-wrap\">\n                    <span>Suelos 2<\/span>\n                <\/div>\n            <\/figcaption>\n        <\/figure>\n        <div class=\"gird-gallery-clearfix\"><\/div>\n    <\/a>\n    <a class=\"gg-link\" href=\"https:\/\/www.chemilab.com.co\/website\/wp-content\/uploads\/2014\/07\/Microbiologia.jpg\" title=\"Microbiologia\">\n        <figure class=\"gird-gallery-caption\" data-gird-gallery-type=\"quarter-appear\" style=\"border:0pxnone#fefefe;\n        border-radius:0px;\n        box-shadow:0px0px0px#aaaaaa;\n        margin:10px !important;\">\n            <div class=\"crop\" style=\"\">\n            <img decoding=\"async\"\n                    src=\"https:\/\/www.chemilab.com.co\/website\/wp-content\/uploads\/2014\/07\/Microbiologia-160x120.jpg\"\n                    alt=\"Microbiologia\"            \/>\n            <\/div>\n            <figcaption data-alpha=\"9\"\n                    style=\"color:#ecf0f1;background-color:#3498db;font-size:12px;\">\n                <div class=\"gird-gallery-figcaption-wrap\">\n                    <span>Microbiologia<\/span>\n                <\/div>\n            <\/figcaption>\n        <\/figure>\n        <div class=\"gird-gallery-clearfix\"><\/div>\n    <\/a>\n    <a class=\"gg-link\" href=\"https:\/\/www.chemilab.com.co\/website\/wp-content\/uploads\/2014\/07\/Microscopios.jpg\" title=\"Microscopios\">\n        <figure class=\"gird-gallery-caption\" data-gird-gallery-type=\"quarter-appear\" style=\"border:0pxnone#fefefe;\n        border-radius:0px;\n        box-shadow:0px0px0px#aaaaaa;\n        margin:10px !important;\">\n            <div class=\"crop\" style=\"\">\n            <img decoding=\"async\"\n                    src=\"https:\/\/www.chemilab.com.co\/website\/wp-content\/uploads\/2014\/07\/Microscopios-160x120.jpg\"\n                    alt=\"Microscopios\"            \/>\n            <\/div>\n            <figcaption data-alpha=\"9\"\n                    style=\"color:#ecf0f1;background-color:#3498db;font-size:12px;\">\n                <div class=\"gird-gallery-figcaption-wrap\">\n                    <span>Microscopios<\/span>\n                <\/div>\n            <\/figcaption>\n        <\/figure>\n        <div class=\"gird-gallery-clearfix\"><\/div>\n    <\/a>\n    <a class=\"gg-link\" href=\"https:\/\/www.chemilab.com.co\/website\/wp-content\/uploads\/2014\/07\/Suelos.jpg\" title=\"Suelos\">\n        <figure class=\"gird-gallery-caption\" data-gird-gallery-type=\"quarter-appear\" style=\"border:0pxnone#fefefe;\n        border-radius:0px;\n        box-shadow:0px0px0px#aaaaaa;\n        margin:10px !important;\">\n            <div class=\"crop\" style=\"\">\n            <img decoding=\"async\"\n                    src=\"https:\/\/www.chemilab.com.co\/website\/wp-content\/uploads\/2014\/07\/Suelos-160x120.jpg\"\n                    alt=\"Suelos\"            \/>\n            <\/div>\n            <figcaption data-alpha=\"9\"\n                    style=\"color:#ecf0f1;background-color:#3498db;font-size:12px;\">\n                <div class=\"gird-gallery-figcaption-wrap\">\n                    <span>Suelos<\/span>\n                <\/div>\n            <\/figcaption>\n        <\/figure>\n        <div class=\"gird-gallery-clearfix\"><\/div>\n    <\/a>\n        <div class=\"gird-gallery-clearfix\"><\/div>\n\n    <\/section>\n\n    <!-- Ready! Gird Gallery plugin -->\n    <script type=\"text\/javascript\">\n        jQuery(document).ready(function() {\n\n            jQuery('head').append(\n                    '<link rel=\"stylesheet\" type=\"text\/css\" href=\"https:\/\/www.chemilab.com.co\/website\/wp-content\/plugins\/grid-gallery-ready\/src\/GirdGallery\/Colorbox\/jquery-colorbox\/themes\/theme_3\/colorbox.css\">'\n            );\n\n            jQuery('.gg-link').colorbox({\n                rel: 'gird-gallery',\n                fixed:  true,\n                maxHeight: '90%',\n                innerHeight: '90%',\n                scrolling: false,\n                transition: 'elastic',\n                speed:350,\n                fadeOut:300,\n                slideshow:false,\n                slideshowSpeed:2500,\n                slideshowAuto:true\n            });\n        });\n    <\/script>\n<\/div>\n","protected":false},"excerpt":{"rendered":"<p>Alcance ChemiLab S.A.S., es una organizaci\u00f3n dedicada a prestar servicios de toma de muestras y an\u00e1lisis en las matrices aguas, suelos, sedimentos, residuos peligrosos, biota, aceites de transformador, calidad del aire, fuentes fijas, hidrocarburos y aguas de consumo humano. Misi\u00f3n &hellip; <a href=\"https:\/\/www.chemilab.com.co\/website\/quienes-somos\/\">Continuado<\/a><\/p>\n","protected":false},"author":1,"featured_media":336,"parent":0,"menu_order":0,"comment_status":"open","ping_status":"closed","template":"","meta":{"_acf_changed":false,"footnotes":""},"class_list":["post-12","page","type-page","status-publish","has-post-thumbnail","hentry"],"acf":[],"_links":{"self":[{"href":"https:\/\/www.chemilab.com.co\/website\/wp-json\/wp\/v2\/pages\/12"}],"collection":[{"href":"https:\/\/www.chemilab.com.co\/website\/wp-json\/wp\/v2\/pages"}],"about":[{"href":"https:\/\/www.chemilab.com.co\/website\/wp-json\/wp\/v2\/types\/page"}],"author":[{"embeddable":true,"href":"https:\/\/www.chemilab.com.co\/website\/wp-json\/wp\/v2\/users\/1"}],"replies":[{"embeddable":true,"href":"https:\/\/www.chemilab.com.co\/website\/wp-json\/wp\/v2\/comments?post=12"}],"version-history":[{"count":42,"href":"https:\/\/www.chemilab.com.co\/website\/wp-json\/wp\/v2\/pages\/12\/revisions"}],"predecessor-version":[{"id":827,"href":"https:\/\/www.chemilab.com.co\/website\/wp-json\/wp\/v2\/pages\/12\/revisions\/827"}],"wp:featuredmedia":[{"embeddable":true,"href":"https:\/\/www.chemilab.com.co\/website\/wp-json\/wp\/v2\/media\/336"}],"wp:attachment":[{"href":"https:\/\/www.chemilab.com.co\/website\/wp-json\/wp\/v2\/media?parent=12"}],"curies":[{"name":"wp","href":"https:\/\/api.w.org\/{rel}","templated":true}]}}