{"id":109,"date":"2014-06-03T06:24:24","date_gmt":"2014-06-03T06:24:24","guid":{"rendered":"http:\/\/localhost:8888\/chemilab\/?page_id=45"},"modified":"2020-06-19T07:19:57","modified_gmt":"2020-06-19T12:19:57","slug":"sistema-de-calidad","status":"publish","type":"page","link":"https:\/\/www.chemilab.com.co\/website\/sistema-de-calidad\/","title":{"rendered":"HSEQ"},"content":{"rendered":"<p>&nbsp;<\/p>\n<h2>POL\u00cdTICA INTEGRADA<\/h2>\n<p style=\"text-align: justify;\"><strong>Chemilab S.A.S.<\/strong> declara su compromiso con las buenas pr\u00e1cticas profesionales, la calidad, confiabilidad, confidencialidad, competencia, imparcialidad y coherencia de operaci\u00f3n en la prestaci\u00f3n de servicios de an\u00e1lisis fisicoqu\u00edmicos, microbiol\u00f3gicos, comunidades biol\u00f3gicas para las matrices aguas, suelos, sedimentos, aguas de consumo humano, residuos peligrosos, aceites de transformador, fuentes fijas, calidad del aire, ruido y toma de muestras en todo tipo de aguas, suelos, sedimentos, Residuos peligrosos, fuentes fijas y calidad del aire a nivel nacional e internacional. De igual forma se compromete con la aplicaci\u00f3n de procedimientos nacional e internacionalmente aceptados, manteniendo un alto nivel t\u00e9cnico para garantizar la confiabilidad de los resultados emitidos, logrando la conformidad total de los clientes mediante el cumplimiento de sus necesidades y expectativas. Fomentando el trabajando en equipo con personalaltamente competente, familiarizado y comprometido con la implementaci\u00f3n, mantenimiento y mejora del Sistema de Gesti\u00f3n Integrado (SGI).<\/p>\n<p style=\"text-align: justify;\">La alta direcci\u00f3n de<strong>Chemilab S.A.S.<\/strong> declara su compromiso de cumplir los requisitos legales y de otra \u00edndole establecidos con sus clientes y grupos de inter\u00e9s; a su vez se alinea a lo establecido en las normas NTC-ISO\/IEC 17025, ISO 9001, ISO 14001, ISO 45001, gu\u00eda RUC, Decreto 1072 y NORSOK SWA-006, buscando el mejoramiento continuo del SGI, la prestaci\u00f3n de servicios, el crecimiento y liderazgo en el mercado bajo los principios de Objetividad, Imparcialidad, Transparencia y Responsabilidad, liderando y asignando recursos t\u00e9cnicos, humanos y econ\u00f3micos necesarios para el adecuado desarrollo del SGI.<\/p>\n<p style=\"text-align: justify;\"><strong>Chemilab S.A.S<\/strong> promueve la prevenci\u00f3n de riesgos que causen lesiones personales, enfermedades laborales, da\u00f1os a la propiedad e impacto social y ambiental al entorno en el que opera. As\u00ed mismo, fomenta la responsabilidad social con sus grupos de inter\u00e9s (colaboradores, contratistas, subcontratistas y dem\u00e1s partes interesadas) sustentado en los programas de gesti\u00f3n incluidos en el SGI.<\/p>\n<p style=\"text-align: justify;\">La alta direcci\u00f3n de <strong>Chemilab S.A.S<\/strong> consciente de la importancia de la participaci\u00f3n de cada uno de sus trabajadores, fomenta la consulta de los mismos a trav\u00e9s de los medios asignados para ello, brindando espacios y canales que permitan dar cumplimiento a los requisitos legales y normativos donde se pueda evidenciar la importancia de las sugerencias resultantes, basados en los pilares de confiabilidad, compromiso, calidad y \u00e9tica.<\/p>\n<h2>Nuestras Certificaciones y Acreditaciones<\/h2>\n<table>\n<tbody>\n<tr>\n<td><img loading=\"lazy\" decoding=\"async\" class=\"alignnone  wp-image-539\" src=\"https:\/\/www.chemilab.com.co\/wp-content\/uploads\/2014\/07\/Logo-IDEAM2-230x300.png\" alt=\"Logo IDEAM2\" width=\"155\" height=\"202\" srcset=\"https:\/\/www.chemilab.com.co\/website\/wp-content\/uploads\/2014\/07\/Logo-IDEAM2-230x300.png 230w, https:\/\/www.chemilab.com.co\/website\/wp-content\/uploads\/2014\/07\/Logo-IDEAM2.png 259w\" sizes=\"(max-width: 155px) 100vw, 155px\" \/><\/td>\n<td><img loading=\"lazy\" decoding=\"async\" class=\"alignnone size-full wp-image-204\" src=\"https:\/\/www.chemilab.com.co\/wp-content\/uploads\/2014\/07\/ruc.png\" alt=\"ruc\" width=\"193\" height=\"91\" \/><\/td>\n<td><img loading=\"lazy\" decoding=\"async\" class=\"alignnone size-full wp-image-203\" src=\"https:\/\/www.chemilab.com.co\/wp-content\/uploads\/2014\/07\/ccs.png\" alt=\"ccs\" width=\"193\" height=\"91\" \/><\/td>\n<td><img loading=\"lazy\" decoding=\"async\" class=\"alignnone size-medium wp-image-545\" src=\"https:\/\/www.chemilab.com.co\/wp-content\/uploads\/2022\/03\/Logo-BUREAU-VERITAS-Modificado-001.png\" alt=\"Logo BUREAU VERITAS\" width=\"300\" height=\"151\" \/><\/td>\n<td><img loading=\"lazy\" decoding=\"async\" class=\"alignnone size-medium wp-image-545\" src=\"https:\/\/www.chemilab.com.co\/wp-content\/uploads\/2022\/03\/Logo-ONAC.png\" alt=\"Logo ONAC CHEMILAB\" width=\"300\" height=\"151\" \/><\/td>\n<\/tr>\n<\/tbody>\n<\/table>\n<h2>Reconocimientos<\/h2>\n<table width=\"530\">\n<tbody>\n<tr>\n<td style=\"text-align: justify;\">Chemical Laboratory S.A.S fue nominada al reconocimiento SURA 2019, el cual se entrega a las empresas que se destacan por sus buenas practicas en seguridad y salud en el trabajo, destac\u00e1ndose en la categor\u00eda de practicas innovadoras.\n<\/td>\n<td>    <section id=\"gird-gallery\" data-offset=\"10\" data-width=\"320\" class=\"gird-gallerygird-gallery-fluid\" style=\"width:100%;height:auto;\">\n    <a class=\"gg-link\" href=\"https:\/\/www.chemilab.com.co\/website\/wp-content\/uploads\/2020\/02\/Diseno-1.png\" title=\"Equipo de Trabajo\">\n        <figure class=\"gird-gallery-caption\" data-gird-gallery-type=\"quarter-appear\" style=\"border:5pxnone#fefefe;\n        border-radius:8px;\n        box-shadow:1px1px10px#aaaaaa;\n        margin:10px !important;\">\n            <div class=\"crop\" style=\"\">\n            <img decoding=\"async\"\n                    src=\"https:\/\/www.chemilab.com.co\/website\/wp-content\/uploads\/2020\/02\/Diseno-1-320x320.png\"\n                    alt=\"Equipo de Trabajo\"            \/>\n            <\/div>\n            <figcaption data-alpha=\"9\"\n                    style=\"color:#ecf0f1;background-color:#3498db;font-size:12px;\">\n                <div class=\"gird-gallery-figcaption-wrap\">\n                    <span>Equipo de Trabajo<\/span>\n                <\/div>\n            <\/figcaption>\n        <\/figure>\n        <div class=\"gird-gallery-clearfix\"><\/div>\n    <\/a>\n        <div class=\"gird-gallery-clearfix\"><\/div>\n\n    <\/section>\n\n    <!-- Ready! Gird Gallery plugin -->\n    <script type=\"text\/javascript\">\n        jQuery(document).ready(function() {\n\n            jQuery('head').append(\n                    '<link rel=\"stylesheet\" type=\"text\/css\" href=\"https:\/\/www.chemilab.com.co\/website\/wp-content\/plugins\/grid-gallery-ready\/src\/GirdGallery\/Colorbox\/jquery-colorbox\/themes\/theme_3\/colorbox.css\">'\n            );\n\n            jQuery('.gg-link').colorbox({\n                rel: 'gird-gallery',\n                fixed:  true,\n                maxHeight: '90%',\n                innerHeight: '90%',\n                scrolling: false,\n                transition: 'elastic',\n                speed:450,\n                fadeOut:300,\n                slideshow:false,\n                slideshowSpeed:2500,\n                slideshowAuto:true\n            });\n        });\n    <\/script><\/td>\n<\/tr>\n<\/tbody>\n<\/table>\n<h2>Recomendaciones de salud COVID-19<\/h2>\n<table width=\"900\">\n<tbody>\n<tr>\n<td style=\"text-align: justify;\">\n<blockquote class=\"twitter-tweet\">\n<p lang=\"es\" dir=\"ltr\">\u00a1Recuerda! El uso de tapabocas no es suficiente para prevenir la COVID-19. Debes acompa\u00f1arlo con el lavado de manos frecuente y el distanciamiento f\u00edsico, de al menos 2 metros <a href=\"https:\/\/twitter.com\/hashtag\/DependeDeTodos?src=hash&amp;ref_src=twsrc%5Etfw\">#DependeDeTodos<\/a> <a href=\"https:\/\/t.co\/Gk32xFtves\">pic.twitter.com\/Gk32xFtves<\/a><\/p>\n<p>&mdash; MinSaludCol (@MinSaludCol) <a href=\"https:\/\/twitter.com\/MinSaludCol\/status\/1272604791286497281?ref_src=twsrc%5Etfw\">June 15, 2020<\/a><\/p><\/blockquote>\n<p> <script async src=\"https:\/\/platform.twitter.com\/widgets.js\" charset=\"utf-8\"><\/script>\n<\/td>\n<td style=\"text-align: justify;\">\n<blockquote class=\"twitter-tweet\">\n<p lang=\"es\" dir=\"ltr\">Tus acciones pueden proteger o poner en riesgo a muchas personas a tu alrededor. Usa bien el tapabocas, mant\u00e9n el distanciamiento f\u00edsico, el lavado de manos constante y sal a la calle solo cuando realmente sea necesario. Evitar el contagio con COVID-19 <a href=\"https:\/\/twitter.com\/hashtag\/DependeDeTodos?src=hash&amp;ref_src=twsrc%5Etfw\">#DependeDeTodos<\/a> <a href=\"https:\/\/t.co\/GxmvCZ3cQj\">pic.twitter.com\/GxmvCZ3cQj<\/a><\/p>\n<p>&mdash; MinSaludCol (@MinSaludCol) <a href=\"https:\/\/twitter.com\/MinSaludCol\/status\/1273276968318824450?ref_src=twsrc%5Etfw\">June 17, 2020<\/a><\/p><\/blockquote>\n<p> <script async src=\"https:\/\/platform.twitter.com\/widgets.js\" charset=\"utf-8\"><\/script>\n<\/td>\n<\/tr>\n<\/tbody>\n<\/table>\n<h2>Fechas Importantes &#8211; Calendario Ambiental<\/h2>\n<p><a href=\"https:\/\/www.chemilab.com.co\/wp-content\/uploads\/2014\/06\/InfoGrafia-Calendario-Ambiental.png\" target=\"_blank\"><img loading=\"lazy\" decoding=\"async\" class=\"alignleft wp-image-686 size-medium\" src=\"https:\/\/www.chemilab.com.co\/wp-content\/uploads\/2014\/06\/InfoGrafia-Calendario-Ambiental-120x300.png\" alt=\"\" width=\"120\" height=\"300\" srcset=\"https:\/\/www.chemilab.com.co\/website\/wp-content\/uploads\/2014\/06\/InfoGrafia-Calendario-Ambiental-120x300.png 120w, https:\/\/www.chemilab.com.co\/website\/wp-content\/uploads\/2014\/06\/InfoGrafia-Calendario-Ambiental-409x1024.png 409w, https:\/\/www.chemilab.com.co\/website\/wp-content\/uploads\/2014\/06\/InfoGrafia-Calendario-Ambiental.png 800w\" sizes=\"(max-width: 120px) 100vw, 120px\" \/><\/a><\/p>\n<p>&nbsp;<\/p>\n<p>&nbsp;<\/p>\n<p>&nbsp;<\/p>\n<p>&nbsp;<\/p>\n","protected":false},"excerpt":{"rendered":"<p>&nbsp; POL\u00cdTICA INTEGRADA Chemilab S.A.S. declara su compromiso con las buenas pr\u00e1cticas profesionales, la calidad, confiabilidad, confidencialidad, competencia, imparcialidad y coherencia de operaci\u00f3n en la prestaci\u00f3n de servicios de an\u00e1lisis fisicoqu\u00edmicos, microbiol\u00f3gicos, comunidades biol\u00f3gicas para las matrices aguas, suelos, sedimentos, &hellip; <a href=\"https:\/\/www.chemilab.com.co\/website\/sistema-de-calidad\/\">Continuado<\/a><\/p>\n","protected":false},"author":1,"featured_media":0,"parent":0,"menu_order":0,"comment_status":"open","ping_status":"open","template":"","meta":{"_acf_changed":false,"footnotes":""},"class_list":["post-109","page","type-page","status-publish","hentry"],"acf":[],"_links":{"self":[{"href":"https:\/\/www.chemilab.com.co\/website\/wp-json\/wp\/v2\/pages\/109"}],"collection":[{"href":"https:\/\/www.chemilab.com.co\/website\/wp-json\/wp\/v2\/pages"}],"about":[{"href":"https:\/\/www.chemilab.com.co\/website\/wp-json\/wp\/v2\/types\/page"}],"author":[{"embeddable":true,"href":"https:\/\/www.chemilab.com.co\/website\/wp-json\/wp\/v2\/users\/1"}],"replies":[{"embeddable":true,"href":"https:\/\/www.chemilab.com.co\/website\/wp-json\/wp\/v2\/comments?post=109"}],"version-history":[{"count":69,"href":"https:\/\/www.chemilab.com.co\/website\/wp-json\/wp\/v2\/pages\/109\/revisions"}],"predecessor-version":[{"id":824,"href":"https:\/\/www.chemilab.com.co\/website\/wp-json\/wp\/v2\/pages\/109\/revisions\/824"}],"wp:attachment":[{"href":"https:\/\/www.chemilab.com.co\/website\/wp-json\/wp\/v2\/media?parent=109"}],"curies":[{"name":"wp","href":"https:\/\/api.w.org\/{rel}","templated":true}]}}